{"id":1018,"date":"2022-05-01T12:15:14","date_gmt":"2022-05-01T10:15:14","guid":{"rendered":"http:\/\/loudoremus.com\/?page_id=1018"},"modified":"2024-02-15T01:58:33","modified_gmt":"2024-02-15T00:58:33","slug":"instantanes-pittoresques-jeux-d-images","status":"publish","type":"page","link":"https:\/\/loudoremus.com\/index.php\/portfolio\/instantanes-pittoresques-jeux-d-images\/","title":{"rendered":"Instantan\u00e9s pittoresques"},"content":{"rendered":"\n<figure class=\"wp-block-image is-resized\"><img data-recalc-dims=\"1\" height=\"844\" width=\"1200\" decoding=\"async\" src=\"https:\/\/i0.wp.com\/loudoremus.com\/wp-content\/uploads\/2022\/04\/Visuel-Librairie-Recto-scaled-e1651324914222-1200x844.jpg?resize=1200%2C844&#038;ssl=1\" alt=\"\" style=\"width:429px;height:301px\"\/><\/figure>\n\n\n\n<h1 class=\"wp-block-heading\">Instantan\u00e9s pittoresques : <strong>Jeux d\u2019images \u2013 Je dis : mage<\/strong><\/h1>\n\n\n<style>.wp-block-kadence-advancedheading.kt-adv-heading1018_383ff5-2b, .wp-block-kadence-advancedheading.kt-adv-heading1018_383ff5-2b[data-kb-block=\"kb-adv-heading1018_383ff5-2b\"]{font-style:normal;}.wp-block-kadence-advancedheading.kt-adv-heading1018_383ff5-2b mark.kt-highlight, .wp-block-kadence-advancedheading.kt-adv-heading1018_383ff5-2b[data-kb-block=\"kb-adv-heading1018_383ff5-2b\"] mark.kt-highlight{font-style:normal;color:#f76a0c;-webkit-box-decoration-break:clone;box-decoration-break:clone;padding-top:0px;padding-right:0px;padding-bottom:0px;padding-left:0px;}.wp-block-kadence-advancedheading.kt-adv-heading1018_383ff5-2b img.kb-inline-image, .wp-block-kadence-advancedheading.kt-adv-heading1018_383ff5-2b[data-kb-block=\"kb-adv-heading1018_383ff5-2b\"] img.kb-inline-image{width:150px;vertical-align:baseline;}<\/style>\n<h2 class=\"kt-adv-heading1018_383ff5-2b wp-block-kadence-advancedheading\" data-kb-block=\"kb-adv-heading1018_383ff5-2b\">Retrouver l&rsquo;\u00e9merveillement.<\/h2>\n\n\n\n<blockquote class=\"wp-block-quote is-layout-flow wp-block-quote-is-layout-flow\">\n<p>Lou Dor\u00e9mus, avec ses \u00ab\u00a0instantan\u00e9s pittoresques\u00a0\u00bb, prend le parti de rendre compte des clins d\u2019\u0153il qu\u2019avec humour nous fait la nature. (&#8230;)<br>L\u2019artiste nous restitue ce dialogue f\u00e9cond et surprenant, un soup\u00e7on taquin : le message est clair, fulgurant comme une intuition et fait sens. (&#8230;)<br>Lou Dor\u00e9mus n\u2019impose pas une mani\u00e8re de voir, mais ce qu\u2019elle nous invite \u00e0 voir surprend, fait \u00e9cho \u00e0 la part enfantine,<br>imaginative et inventive que nous portons tous.(&#8230;)<\/p>\n\n\n\n<p>Avec pour seul outil son smartphone elle saisit des morceaux de nature avec la fonction appareil photographique<br>et les retouche avec un doigt sur la palette virtuelle de ce dernier.<br>Par ses collectes d&rsquo;instantan\u00e9s de l&rsquo;environnement local (bords d&rsquo;Estuaire, for\u00eat, vigne, marais &#8230;)<br><strong>l&rsquo;artiste d\u00e9voile un monde surprenant<\/strong> : une souche devient alors un animal, un tronc laisse appara\u00eetre un personnage l\u00e9gendaire &#8230;<br>Le jeu se poursuit avec les mots, sorte de langage des oiseaux qui permet de donner plusieurs sens au m\u00eame assemblage de phon\u00e8mes. (&#8230;)<\/p>\n<cite><em>Morceaux choisis tir\u00e9s de la pr\u00e9face sign\u00e9e David Schn\u00e9e &#8211; Auteur et membre de l&rsquo;association Nouvelles Traces dont Lou Dor\u00e9mus fait aussi partie.<br><a href=\"https:\/\/nouvellestraces.com\">nouvellestraces.com<\/a><\/em><\/cite><\/blockquote>\n\n\n\n<h3 class=\"wp-block-heading\">Quelques exemples avant\/apr\u00e8s de photographies redessin\u00e9es directement  au doigt sur son smartphone<\/h3>\n\n\n\n<figure class=\"wp-block-image size-full\"><img data-recalc-dims=\"1\" loading=\"lazy\" decoding=\"async\" width=\"1200\" height=\"400\" src=\"https:\/\/i0.wp.com\/loudoremus.com\/wp-content\/uploads\/2022\/05\/bandeau-instantannes.gif?resize=1200%2C400&#038;ssl=1\" alt=\"\" class=\"wp-image-1351\"\/><\/figure>\n\n\n\n<div class=\"wp-block-columns is-layout-flex wp-container-core-columns-is-layout-9d6595d7 wp-block-columns-is-layout-flex\">\n<div class=\"wp-block-column is-layout-flow wp-block-column-is-layout-flow\">\n<figure class=\"wp-block-image size-full\"><img data-recalc-dims=\"1\" loading=\"lazy\" decoding=\"async\" width=\"368\" height=\"454\" src=\"https:\/\/i0.wp.com\/loudoremus.com\/wp-content\/uploads\/2022\/05\/dame-nature.gif?resize=368%2C454&#038;ssl=1\" alt=\"\" class=\"wp-image-1333\"\/><\/figure>\n<\/div>\n\n\n\n<div class=\"wp-block-column is-layout-flow wp-block-column-is-layout-flow\">\n<figure class=\"wp-block-image size-full\"><img data-recalc-dims=\"1\" loading=\"lazy\" decoding=\"async\" width=\"368\" height=\"454\" src=\"https:\/\/i0.wp.com\/loudoremus.com\/wp-content\/uploads\/2022\/05\/ours.gif?resize=368%2C454&#038;ssl=1\" alt=\"\" class=\"wp-image-1358\"\/><\/figure>\n<\/div>\n\n\n\n<div class=\"wp-block-column is-layout-flow wp-block-column-is-layout-flow\">\n<figure class=\"wp-block-image size-full\"><img data-recalc-dims=\"1\" loading=\"lazy\" decoding=\"async\" width=\"368\" height=\"454\" src=\"https:\/\/i0.wp.com\/loudoremus.com\/wp-content\/uploads\/2022\/05\/magicien.gif?resize=368%2C454&#038;ssl=1\" alt=\"\" class=\"wp-image-1356\"\/><\/figure>\n<\/div>\n<\/div>\n\n\n\n<div class=\"wp-block-columns is-layout-flex wp-container-core-columns-is-layout-9d6595d7 wp-block-columns-is-layout-flex\">\n<div class=\"wp-block-column is-layout-flow wp-block-column-is-layout-flow\">\n<figure class=\"wp-block-image size-full\"><img data-recalc-dims=\"1\" loading=\"lazy\" decoding=\"async\" width=\"368\" height=\"454\" src=\"https:\/\/i0.wp.com\/loudoremus.com\/wp-content\/uploads\/2022\/05\/nuage.gif?resize=368%2C454&#038;ssl=1\" alt=\"\" class=\"wp-image-1360\"\/><\/figure>\n<\/div>\n\n\n\n<div class=\"wp-block-column is-layout-flow wp-block-column-is-layout-flow\">\n<figure class=\"wp-block-image size-full\"><img data-recalc-dims=\"1\" loading=\"lazy\" decoding=\"async\" width=\"368\" height=\"454\" src=\"https:\/\/i0.wp.com\/loudoremus.com\/wp-content\/uploads\/2022\/05\/merou.gif?resize=368%2C454&#038;ssl=1\" alt=\"\" class=\"wp-image-1357\"\/><\/figure>\n<\/div>\n\n\n\n<div class=\"wp-block-column is-layout-flow wp-block-column-is-layout-flow\">\n<figure class=\"wp-block-image size-full\"><img data-recalc-dims=\"1\" loading=\"lazy\" decoding=\"async\" width=\"368\" height=\"454\" src=\"https:\/\/i0.wp.com\/loudoremus.com\/wp-content\/uploads\/2022\/05\/siousurcochon.gif?resize=368%2C454&#038;ssl=1\" alt=\"\" class=\"wp-image-1359\"\/><\/figure>\n<\/div>\n<\/div>\n\n\n\n<figure class=\"wp-block-image is-resized\"><img data-recalc-dims=\"1\" decoding=\"async\" src=\"https:\/\/i0.wp.com\/loudoremus.com\/wp-content\/uploads\/2022\/04\/Visuel-Librairie-Recto-scaled-e1651425892210.jpg?w=1290&#038;ssl=1\" alt=\"\" style=\"width:512px;height:360px\"\/><\/figure>\n\n\n\n<p>Livre illustr\u00e9 de 98 pages <br>Format: 21&#215;15 cm &#8211; Reli\u00e9 dos carr\u00e9 coll\u00e9 &#8211; Imprim\u00e9 par <a href=\"http:\/\/pleinepage.fr\/\" target=\"_blank\" rel=\"noopener\">Pleine Page<\/a> &#8211; Bordeaux<br>ISBN 978-2-490258-02-4<\/p>\n\n\n\n<p>L&rsquo; ouvrage \u00ab\u00a0Instantan\u00e9s Pittoresques\u00a0\u00bb est \u00e9dit\u00e9 par <a href=\"https:\/\/nouvellestraces.com\/\" target=\"_blank\" rel=\"noopener\">Nouvelles Traces<\/a> en d\u00e9cembre 2019. <br>Nouvelles Traces est une association \u00e9ditoriale (Loi 1901) de promotion d&rsquo;auteurs et d&rsquo;artistes fond\u00e9e en ao\u00fbt 2017 \u00e0 Bordeaux.<\/p>\n\n\n\n<h3 class=\"wp-block-heading\">Petite compilation des Instantan\u00e9s pittoresques 2022<\/h3>\n\n\n\n<figure class=\"wp-block-video aligncenter\"><video height=\"720\" style=\"aspect-ratio: 720 \/ 720;\" width=\"720\" controls src=\"https:\/\/loudoremus.com\/wp-content\/uploads\/2023\/02\/1672498122492_compressed.mp4\"><\/video><\/figure>\n","protected":false},"excerpt":{"rendered":"<p>Instantan\u00e9s pittoresques : Jeux d\u2019images \u2013 Je dis : mage Retrouver l&rsquo;\u00e9merveillement. Lou Dor\u00e9mus, avec ses \u00ab\u00a0instantan\u00e9s pittoresques\u00a0\u00bb, prend le parti de rendre compte des clins d\u2019\u0153il qu\u2019avec humour nous fait la nature. (&#8230;)L\u2019artiste nous restitue ce dialogue f\u00e9cond et surprenant, un soup\u00e7on taquin : le message est clair, fulgurant comme une intuition et fait&#8230;<\/p>\n","protected":false},"author":1,"featured_media":1351,"parent":1611,"menu_order":1,"comment_status":"closed","ping_status":"closed","template":"","meta":{"_kadence_starter_templates_imported_post":false,"_kad_post_transparent":"","_kad_post_title":"","_kad_post_layout":"","_kad_post_sidebar_id":"","_kad_post_content_style":"","_kad_post_vertical_padding":"","_kad_post_feature":"","_kad_post_feature_position":"","_kad_post_header":false,"_kad_post_footer":false,"footnotes":""},"class_list":["post-1018","page","type-page","status-publish","has-post-thumbnail","hentry"],"yoast_head":"<!-- This site is optimized with the Yoast SEO plugin v25.6 - https:\/\/yoast.com\/wordpress\/plugins\/seo\/ -->\n<title>Instantan\u00e9s pittoresques - Lou Dor\u00e9mus<\/title>\n<meta name=\"description\" content=\"Lou Dor\u00e9mus, avec ses &quot;instantan\u00e9s pittoresques&quot;, prend le parti de rendre compte des clins d\u2019\u0153il de la nature.\" \/>\n<meta name=\"robots\" content=\"index, follow, max-snippet:-1, max-image-preview:large, max-video-preview:-1\" \/>\n<link rel=\"canonical\" href=\"https:\/\/loudoremus.com\/index.php\/portfolio\/instantanes-pittoresques-jeux-d-images\/\" \/>\n<meta property=\"og:locale\" content=\"fr_FR\" \/>\n<meta property=\"og:type\" content=\"article\" \/>\n<meta property=\"og:title\" content=\"Instantan\u00e9s pittoresques - Lou Dor\u00e9mus\" \/>\n<meta property=\"og:description\" content=\"Lou Dor\u00e9mus, avec ses &quot;instantan\u00e9s pittoresques&quot;, prend le parti de rendre compte des clins d\u2019\u0153il de la nature.\" \/>\n<meta property=\"og:url\" content=\"https:\/\/loudoremus.com\/index.php\/portfolio\/instantanes-pittoresques-jeux-d-images\/\" \/>\n<meta property=\"og:site_name\" content=\"Lou Dor\u00e9mus\" \/>\n<meta property=\"article:modified_time\" content=\"2024-02-15T00:58:33+00:00\" \/>\n<meta property=\"og:image\" content=\"https:\/\/loudoremus.com\/wp-content\/uploads\/2022\/05\/bandeau-instantannes.gif\" \/>\n\t<meta property=\"og:image:width\" content=\"1200\" \/>\n\t<meta property=\"og:image:height\" content=\"400\" \/>\n\t<meta property=\"og:image:type\" content=\"image\/gif\" \/>\n<meta name=\"twitter:card\" content=\"summary_large_image\" \/>\n<meta name=\"twitter:label1\" content=\"Dur\u00e9e de lecture estim\u00e9e\" \/>\n\t<meta name=\"twitter:data1\" content=\"3 minutes\" \/>\n<script type=\"application\/ld+json\" class=\"yoast-schema-graph\">{\"@context\":\"https:\/\/schema.org\",\"@graph\":[{\"@type\":\"WebPage\",\"@id\":\"https:\/\/loudoremus.com\/index.php\/portfolio\/instantanes-pittoresques-jeux-d-images\/\",\"url\":\"https:\/\/loudoremus.com\/index.php\/portfolio\/instantanes-pittoresques-jeux-d-images\/\",\"name\":\"Instantan\u00e9s pittoresques - Lou Dor\u00e9mus\",\"isPartOf\":{\"@id\":\"https:\/\/loudoremus.com\/#website\"},\"primaryImageOfPage\":{\"@id\":\"https:\/\/loudoremus.com\/index.php\/portfolio\/instantanes-pittoresques-jeux-d-images\/#primaryimage\"},\"image\":{\"@id\":\"https:\/\/loudoremus.com\/index.php\/portfolio\/instantanes-pittoresques-jeux-d-images\/#primaryimage\"},\"thumbnailUrl\":\"https:\/\/i0.wp.com\/loudoremus.com\/wp-content\/uploads\/2022\/05\/bandeau-instantannes.gif?fit=1200%2C400&ssl=1\",\"datePublished\":\"2022-05-01T10:15:14+00:00\",\"dateModified\":\"2024-02-15T00:58:33+00:00\",\"description\":\"Lou Dor\u00e9mus, avec ses \\\"instantan\u00e9s pittoresques\\\", prend le parti de rendre compte des clins d\u2019\u0153il de la nature.\",\"breadcrumb\":{\"@id\":\"https:\/\/loudoremus.com\/index.php\/portfolio\/instantanes-pittoresques-jeux-d-images\/#breadcrumb\"},\"inLanguage\":\"fr-FR\",\"potentialAction\":[{\"@type\":\"ReadAction\",\"target\":[\"https:\/\/loudoremus.com\/index.php\/portfolio\/instantanes-pittoresques-jeux-d-images\/\"]}]},{\"@type\":\"ImageObject\",\"inLanguage\":\"fr-FR\",\"@id\":\"https:\/\/loudoremus.com\/index.php\/portfolio\/instantanes-pittoresques-jeux-d-images\/#primaryimage\",\"url\":\"https:\/\/i0.wp.com\/loudoremus.com\/wp-content\/uploads\/2022\/05\/bandeau-instantannes.gif?fit=1200%2C400&ssl=1\",\"contentUrl\":\"https:\/\/i0.wp.com\/loudoremus.com\/wp-content\/uploads\/2022\/05\/bandeau-instantannes.gif?fit=1200%2C400&ssl=1\",\"width\":1200,\"height\":400},{\"@type\":\"BreadcrumbList\",\"@id\":\"https:\/\/loudoremus.com\/index.php\/portfolio\/instantanes-pittoresques-jeux-d-images\/#breadcrumb\",\"itemListElement\":[{\"@type\":\"ListItem\",\"position\":1,\"name\":\"Accueil\",\"item\":\"https:\/\/loudoremus.com\/\"},{\"@type\":\"ListItem\",\"position\":2,\"name\":\"Portfolio\",\"item\":\"https:\/\/loudoremus.com\/?page_id=1611\"},{\"@type\":\"ListItem\",\"position\":3,\"name\":\"Instantan\u00e9s pittoresques\"}]},{\"@type\":\"WebSite\",\"@id\":\"https:\/\/loudoremus.com\/#website\",\"url\":\"https:\/\/loudoremus.com\/\",\"name\":\"Lou Dor\u00e9mus\",\"description\":\"Artiste Auteur d&#039;oeuvres plastiques et graphiques\",\"publisher\":{\"@id\":\"https:\/\/loudoremus.com\/#\/schema\/person\/cbdd5cde08e66d22477edbef182fb6d1\"},\"potentialAction\":[{\"@type\":\"SearchAction\",\"target\":{\"@type\":\"EntryPoint\",\"urlTemplate\":\"https:\/\/loudoremus.com\/?s={search_term_string}\"},\"query-input\":{\"@type\":\"PropertyValueSpecification\",\"valueRequired\":true,\"valueName\":\"search_term_string\"}}],\"inLanguage\":\"fr-FR\"},{\"@type\":[\"Person\",\"Organization\"],\"@id\":\"https:\/\/loudoremus.com\/#\/schema\/person\/cbdd5cde08e66d22477edbef182fb6d1\",\"name\":\"Lou Dor\u00e9mus\",\"image\":{\"@type\":\"ImageObject\",\"inLanguage\":\"fr-FR\",\"@id\":\"https:\/\/loudoremus.com\/#\/schema\/person\/image\/\",\"url\":\"https:\/\/i0.wp.com\/loudoremus.com\/wp-content\/uploads\/2021\/12\/cropped-logoMD.png?fit=354%2C354&ssl=1\",\"contentUrl\":\"https:\/\/i0.wp.com\/loudoremus.com\/wp-content\/uploads\/2021\/12\/cropped-logoMD.png?fit=354%2C354&ssl=1\",\"width\":354,\"height\":354,\"caption\":\"Lou Dor\u00e9mus\"},\"logo\":{\"@id\":\"https:\/\/loudoremus.com\/#\/schema\/person\/image\/\"},\"description\":\"Lou Dor\u00e9mus est une artiste polyvalente, impr\u00e9gn\u00e9e par la nature, l\u2019histoire et la spiritualit\u00e9, offrant son expertise aussi bien dans le domaine artistique que dans la cr\u00e9ation d\u2019identit\u00e9s visuelles pour le vin et la mise en page d\u2019\u00e9crits, d\u00e9montrant une compr\u00e9hension approfondie des m\u00e9dias visuels et imprim\u00e9s.\",\"sameAs\":[\"http:\/\/loudoremus.com\",\"https:\/\/www.instagram.com\/muses_dorees\/\"]}]}<\/script>\n<!-- \/ Yoast SEO plugin. -->","yoast_head_json":{"title":"Instantan\u00e9s pittoresques - Lou Dor\u00e9mus","description":"Lou Dor\u00e9mus, avec ses \"instantan\u00e9s pittoresques\", prend le parti de rendre compte des clins d\u2019\u0153il de la nature.","robots":{"index":"index","follow":"follow","max-snippet":"max-snippet:-1","max-image-preview":"max-image-preview:large","max-video-preview":"max-video-preview:-1"},"canonical":"https:\/\/loudoremus.com\/index.php\/portfolio\/instantanes-pittoresques-jeux-d-images\/","og_locale":"fr_FR","og_type":"article","og_title":"Instantan\u00e9s pittoresques - Lou Dor\u00e9mus","og_description":"Lou Dor\u00e9mus, avec ses \"instantan\u00e9s pittoresques\", prend le parti de rendre compte des clins d\u2019\u0153il de la nature.","og_url":"https:\/\/loudoremus.com\/index.php\/portfolio\/instantanes-pittoresques-jeux-d-images\/","og_site_name":"Lou Dor\u00e9mus","article_modified_time":"2024-02-15T00:58:33+00:00","og_image":[{"width":1200,"height":400,"url":"https:\/\/loudoremus.com\/wp-content\/uploads\/2022\/05\/bandeau-instantannes.gif","type":"image\/gif"}],"twitter_card":"summary_large_image","twitter_misc":{"Dur\u00e9e de lecture estim\u00e9e":"3 minutes"},"schema":{"@context":"https:\/\/schema.org","@graph":[{"@type":"WebPage","@id":"https:\/\/loudoremus.com\/index.php\/portfolio\/instantanes-pittoresques-jeux-d-images\/","url":"https:\/\/loudoremus.com\/index.php\/portfolio\/instantanes-pittoresques-jeux-d-images\/","name":"Instantan\u00e9s pittoresques - Lou Dor\u00e9mus","isPartOf":{"@id":"https:\/\/loudoremus.com\/#website"},"primaryImageOfPage":{"@id":"https:\/\/loudoremus.com\/index.php\/portfolio\/instantanes-pittoresques-jeux-d-images\/#primaryimage"},"image":{"@id":"https:\/\/loudoremus.com\/index.php\/portfolio\/instantanes-pittoresques-jeux-d-images\/#primaryimage"},"thumbnailUrl":"https:\/\/i0.wp.com\/loudoremus.com\/wp-content\/uploads\/2022\/05\/bandeau-instantannes.gif?fit=1200%2C400&ssl=1","datePublished":"2022-05-01T10:15:14+00:00","dateModified":"2024-02-15T00:58:33+00:00","description":"Lou Dor\u00e9mus, avec ses \"instantan\u00e9s pittoresques\", prend le parti de rendre compte des clins d\u2019\u0153il de la nature.","breadcrumb":{"@id":"https:\/\/loudoremus.com\/index.php\/portfolio\/instantanes-pittoresques-jeux-d-images\/#breadcrumb"},"inLanguage":"fr-FR","potentialAction":[{"@type":"ReadAction","target":["https:\/\/loudoremus.com\/index.php\/portfolio\/instantanes-pittoresques-jeux-d-images\/"]}]},{"@type":"ImageObject","inLanguage":"fr-FR","@id":"https:\/\/loudoremus.com\/index.php\/portfolio\/instantanes-pittoresques-jeux-d-images\/#primaryimage","url":"https:\/\/i0.wp.com\/loudoremus.com\/wp-content\/uploads\/2022\/05\/bandeau-instantannes.gif?fit=1200%2C400&ssl=1","contentUrl":"https:\/\/i0.wp.com\/loudoremus.com\/wp-content\/uploads\/2022\/05\/bandeau-instantannes.gif?fit=1200%2C400&ssl=1","width":1200,"height":400},{"@type":"BreadcrumbList","@id":"https:\/\/loudoremus.com\/index.php\/portfolio\/instantanes-pittoresques-jeux-d-images\/#breadcrumb","itemListElement":[{"@type":"ListItem","position":1,"name":"Accueil","item":"https:\/\/loudoremus.com\/"},{"@type":"ListItem","position":2,"name":"Portfolio","item":"https:\/\/loudoremus.com\/?page_id=1611"},{"@type":"ListItem","position":3,"name":"Instantan\u00e9s pittoresques"}]},{"@type":"WebSite","@id":"https:\/\/loudoremus.com\/#website","url":"https:\/\/loudoremus.com\/","name":"Lou Dor\u00e9mus","description":"Artiste Auteur d&#039;oeuvres plastiques et graphiques","publisher":{"@id":"https:\/\/loudoremus.com\/#\/schema\/person\/cbdd5cde08e66d22477edbef182fb6d1"},"potentialAction":[{"@type":"SearchAction","target":{"@type":"EntryPoint","urlTemplate":"https:\/\/loudoremus.com\/?s={search_term_string}"},"query-input":{"@type":"PropertyValueSpecification","valueRequired":true,"valueName":"search_term_string"}}],"inLanguage":"fr-FR"},{"@type":["Person","Organization"],"@id":"https:\/\/loudoremus.com\/#\/schema\/person\/cbdd5cde08e66d22477edbef182fb6d1","name":"Lou Dor\u00e9mus","image":{"@type":"ImageObject","inLanguage":"fr-FR","@id":"https:\/\/loudoremus.com\/#\/schema\/person\/image\/","url":"https:\/\/i0.wp.com\/loudoremus.com\/wp-content\/uploads\/2021\/12\/cropped-logoMD.png?fit=354%2C354&ssl=1","contentUrl":"https:\/\/i0.wp.com\/loudoremus.com\/wp-content\/uploads\/2021\/12\/cropped-logoMD.png?fit=354%2C354&ssl=1","width":354,"height":354,"caption":"Lou Dor\u00e9mus"},"logo":{"@id":"https:\/\/loudoremus.com\/#\/schema\/person\/image\/"},"description":"Lou Dor\u00e9mus est une artiste polyvalente, impr\u00e9gn\u00e9e par la nature, l\u2019histoire et la spiritualit\u00e9, offrant son expertise aussi bien dans le domaine artistique que dans la cr\u00e9ation d\u2019identit\u00e9s visuelles pour le vin et la mise en page d\u2019\u00e9crits, d\u00e9montrant une compr\u00e9hension approfondie des m\u00e9dias visuels et imprim\u00e9s.","sameAs":["http:\/\/loudoremus.com","https:\/\/www.instagram.com\/muses_dorees\/"]}]}},"jetpack-related-posts":[{"id":1005,"url":"https:\/\/loudoremus.com\/","url_meta":{"origin":1018,"position":0},"title":"Home","author":"Lou Dor\u00e9mus","date":"30\/04\/2020","format":false,"excerpt":"Dor\u00e9mus-Muse dor\u00e9e Artiste pluridisciplinaire Lou Dor\u00e9mus - S\u00e9ries de peintures abstraites. Lou Dor\u00e9mus, artiste pluridisciplinaire passionn\u00e9e depuis 1997. En 2017, elle op\u00e8re un tournant d\u00e9cisif dans son approche artistique en passant du figuratif \u00e0 l'abstraction. Ce changement de direction a \u00e9galement \u00e9t\u00e9 accompagn\u00e9 d'une transition vers des mat\u00e9riaux plus naturels.En\u2026","rel":"","context":"Article similaire","block_context":{"text":"Article similaire","link":""},"img":{"alt_text":"S\u00e9rie de peintures intuitives r\u00e9alis\u00e9es par l'artiste Lou Dor\u00e9mus, inspir\u00e9es des pierres gemmes et r\u00e9alis\u00e9es avec des produits naturels (gomme de Dammar, pigments)","src":"https:\/\/i0.wp.com\/loudoremus.com\/wp-content\/uploads\/2023\/02\/Muse-de-la-source-300x300.jpg?resize=350%2C200&ssl=1","width":350,"height":200},"classes":[]},{"id":2093,"url":"https:\/\/loudoremus.com\/index.php\/cartes-postales-inspirees-deesses-langue-oiseaux-inspiration-divine-poetique\/","url_meta":{"origin":1018,"position":1},"title":"Cartes postales","author":"Lou Dor\u00e9mus","date":"09\/02\/2024","format":false,"excerpt":"Cartes postales inspir\u00e9es des d\u00e9esses et de la langue des oiseaux - Une Inspiration Divine et Po\u00e9tique : Dans l'\u00e8re num\u00e9rique o\u00f9 les messages instantan\u00e9s et les r\u00e9seaux sociaux sont rois, il est parfois rafra\u00eechissant de se replonger dans des formes plus traditionnelles de communication. Les cartes postales, avec leur\u2026","rel":"","context":"Article similaire","block_context":{"text":"Article similaire","link":""},"img":{"alt_text":"","src":"","width":0,"height":0},"classes":[]},{"id":1015,"url":"https:\/\/loudoremus.com\/index.php\/portfolio\/le-monde-viticole\/","url_meta":{"origin":1018,"position":2},"title":"Le monde viticole","author":"Lou Dor\u00e9mus","date":"01\/05\/2022","format":false,"excerpt":"Cr\u00e9ation d'\u00e9tiquettes de vin Depuis mon arriv\u00e9e en Gironde en 2006, j'ai eu la chance de c\u00f4toyer beaucoup de vigneronnes et vignerons passionn\u00e9s. Pour chaque propri\u00e9t\u00e9 viticole, je m'immerge dans son univers pour m'en impr\u00e9gner et cr\u00e9er au mieux des \u00e9tiquettes qui refl\u00e8tent son image, son histoire, son terroir, ses\u2026","rel":"","context":"Article similaire","block_context":{"text":"Article similaire","link":""},"img":{"alt_text":"","src":"https:\/\/i0.wp.com\/loudoremus.com\/wp-content\/uploads\/2022\/05\/fond-eti.jpg?fit=1200%2C400&ssl=1&resize=350%2C200","width":350,"height":200,"srcset":"https:\/\/i0.wp.com\/loudoremus.com\/wp-content\/uploads\/2022\/05\/fond-eti.jpg?fit=1200%2C400&ssl=1&resize=350%2C200 1x, https:\/\/i0.wp.com\/loudoremus.com\/wp-content\/uploads\/2022\/05\/fond-eti.jpg?fit=1200%2C400&ssl=1&resize=525%2C300 1.5x, https:\/\/i0.wp.com\/loudoremus.com\/wp-content\/uploads\/2022\/05\/fond-eti.jpg?fit=1200%2C400&ssl=1&resize=700%2C400 2x, https:\/\/i0.wp.com\/loudoremus.com\/wp-content\/uploads\/2022\/05\/fond-eti.jpg?fit=1200%2C400&ssl=1&resize=1050%2C600 3x"},"classes":[]},{"id":1421,"url":"https:\/\/loudoremus.com\/index.php\/portfolio\/le-monde-editorial\/","url_meta":{"origin":1018,"position":3},"title":"Le monde \u00e9ditorial","author":"Lou Dor\u00e9mus","date":"03\/05\/2022","format":false,"excerpt":"Lou Dor\u00e9mus, experte en maquettisme de livre. Avec plus de 20 ans d'exp\u00e9rience dans l'utilisation des logiciels Adobe tels que Photoshop, Illustrator et InDesign, Lou, maquettiste de livre vous propose son accompagnement professionnel pour la mise en page int\u00e9rieure de votre projet d'\u00e9criture et la cr\u00e9ation de couvertures attrayantes. Que\u2026","rel":"","context":"Article similaire","block_context":{"text":"Article similaire","link":""},"img":{"alt_text":"Le monde \u00e9ditorial - cr\u00e9ation de couvertures de livres","src":"https:\/\/i0.wp.com\/loudoremus.com\/wp-content\/uploads\/2022\/05\/CouvertureLPDP.jpg?fit=873%2C595&ssl=1&resize=350%2C200","width":350,"height":200,"srcset":"https:\/\/i0.wp.com\/loudoremus.com\/wp-content\/uploads\/2022\/05\/CouvertureLPDP.jpg?fit=873%2C595&ssl=1&resize=350%2C200 1x, https:\/\/i0.wp.com\/loudoremus.com\/wp-content\/uploads\/2022\/05\/CouvertureLPDP.jpg?fit=873%2C595&ssl=1&resize=525%2C300 1.5x, https:\/\/i0.wp.com\/loudoremus.com\/wp-content\/uploads\/2022\/05\/CouvertureLPDP.jpg?fit=873%2C595&ssl=1&resize=700%2C400 2x"},"classes":[]}],"jetpack_sharing_enabled":true,"_links":{"self":[{"href":"https:\/\/loudoremus.com\/index.php\/wp-json\/wp\/v2\/pages\/1018","targetHints":{"allow":["GET"]}}],"collection":[{"href":"https:\/\/loudoremus.com\/index.php\/wp-json\/wp\/v2\/pages"}],"about":[{"href":"https:\/\/loudoremus.com\/index.php\/wp-json\/wp\/v2\/types\/page"}],"author":[{"embeddable":true,"href":"https:\/\/loudoremus.com\/index.php\/wp-json\/wp\/v2\/users\/1"}],"replies":[{"embeddable":true,"href":"https:\/\/loudoremus.com\/index.php\/wp-json\/wp\/v2\/comments?post=1018"}],"version-history":[{"count":103,"href":"https:\/\/loudoremus.com\/index.php\/wp-json\/wp\/v2\/pages\/1018\/revisions"}],"predecessor-version":[{"id":2189,"href":"https:\/\/loudoremus.com\/index.php\/wp-json\/wp\/v2\/pages\/1018\/revisions\/2189"}],"up":[{"embeddable":true,"href":"https:\/\/loudoremus.com\/index.php\/wp-json\/wp\/v2\/pages\/1611"}],"wp:featuredmedia":[{"embeddable":true,"href":"https:\/\/loudoremus.com\/index.php\/wp-json\/wp\/v2\/media\/1351"}],"wp:attachment":[{"href":"https:\/\/loudoremus.com\/index.php\/wp-json\/wp\/v2\/media?parent=1018"}],"curies":[{"name":"wp","href":"https:\/\/api.w.org\/{rel}","templated":true}]}}