{"id":2149,"date":"2024-02-10T01:28:26","date_gmt":"2024-02-10T00:28:26","guid":{"rendered":"https:\/\/loudoremus.com\/?post_type=product&#038;p=2149"},"modified":"2024-02-10T02:42:43","modified_gmt":"2024-02-10T01:42:43","slug":"lamoureuse-peinture-inspiree-de-la-langue-des-oiseaux","status":"publish","type":"product","link":"https:\/\/loudoremus.com\/index.php\/produit\/lamoureuse-peinture-inspiree-de-la-langue-des-oiseaux\/","title":{"rendered":"L&rsquo;amoureuse : peinture inspir\u00e9e de la langue des oiseaux"},"content":{"rendered":"<p><img data-recalc-dims=\"1\" loading=\"lazy\" decoding=\"async\" class=\"alignnone wp-image-2137 size-medium\" src=\"https:\/\/i0.wp.com\/loudoremus.com\/wp-content\/uploads\/2024\/02\/carte-postale_amoureuse.jpg?resize=210%2C300&#038;ssl=1\" alt=\"L'amoureuse, l'\u00e2me heureuse. Peinture inspir\u00e9e de la langue des oiseaux.\" width=\"210\" height=\"300\" srcset=\"https:\/\/i0.wp.com\/loudoremus.com\/wp-content\/uploads\/2024\/02\/carte-postale_amoureuse.jpg?resize=210%2C300&amp;ssl=1 210w, https:\/\/i0.wp.com\/loudoremus.com\/wp-content\/uploads\/2024\/02\/carte-postale_amoureuse.jpg?w=300&amp;ssl=1 300w\" sizes=\"auto, (max-width: 210px) 100vw, 210px\" \/>L&rsquo;amoureuse Impression d&rsquo;une peinture inspir\u00e9e de la <a href=\"https:\/\/www.langue-des-oiseaux.fr\/\" target=\"_blank\" rel=\"noopener\">langue des oiseaux<\/a>. Version f\u00e9minine de l&rsquo;amoureux, l&rsquo;\u00e2me heureux.<\/p>\n<p>&nbsp;<\/p>\n<p>&nbsp;<\/p>\n","protected":false},"excerpt":{"rendered":"<p>Carte postale Impression sur papier Tintoretto 300g. \u00c9dition limit\u00e9e.<\/p>\n","protected":false},"featured_media":2137,"comment_status":"closed","ping_status":"closed","template":"","meta":{"_kadence_starter_templates_imported_post":false,"_kad_post_transparent":"","_kad_post_title":"","_kad_post_layout":"","_kad_post_sidebar_id":"","_kad_post_content_style":"","_kad_post_vertical_padding":"","_kad_post_feature":"","_kad_post_feature_position":"","_kad_post_header":false,"_kad_post_footer":false},"product_brand":[],"product_cat":[30],"product_tag":[46,49,50,48,47],"class_list":{"0":"post-2149","1":"product","2":"type-product","3":"status-publish","4":"has-post-thumbnail","6":"product_cat-cartes-postales","7":"product_tag-carte-postale","8":"product_tag-edition-limitee","9":"product_tag-lou-doremus","10":"product_tag-peinture","11":"product_tag-reproduction","13":"first","14":"instock","15":"taxable","16":"shipping-taxable","17":"purchasable","18":"product-type-simple","19":"entry","20":"content-bg","21":"loop-entry"},"yoast_head":"<!-- This site is optimized with the Yoast SEO plugin v25.6 - https:\/\/yoast.com\/wordpress\/plugins\/seo\/ -->\n<title>L&#039;amoureuse : peinture inspir\u00e9e de la langue des oiseaux - Lou Dor\u00e9mus<\/title>\n<meta name=\"description\" content=\"L&#039;amoureuse Impression d&#039;une peinture inspir\u00e9e de la langue des oiseaux. Version f\u00e9minine de l&#039;amoureux, l&#039;\u00e2me heureux. \u00c0 offrir de pr\u00e9f\u00e9rence \u00e0 une femme.\" \/>\n<meta name=\"robots\" content=\"index, follow, max-snippet:-1, max-image-preview:large, max-video-preview:-1\" \/>\n<link rel=\"canonical\" href=\"https:\/\/loudoremus.com\/index.php\/produit\/lamoureuse-peinture-inspiree-de-la-langue-des-oiseaux\/\" \/>\n<meta property=\"og:locale\" content=\"fr_FR\" \/>\n<meta property=\"og:type\" content=\"article\" \/>\n<meta property=\"og:title\" content=\"L&#039;amoureuse : peinture inspir\u00e9e de la langue des oiseaux - Lou Dor\u00e9mus\" \/>\n<meta property=\"og:description\" content=\"L&#039;amoureuse Impression d&#039;une peinture inspir\u00e9e de la langue des oiseaux. Version f\u00e9minine de l&#039;amoureux, l&#039;\u00e2me heureux. \u00c0 offrir de pr\u00e9f\u00e9rence \u00e0 une femme.\" \/>\n<meta property=\"og:url\" content=\"https:\/\/loudoremus.com\/index.php\/produit\/lamoureuse-peinture-inspiree-de-la-langue-des-oiseaux\/\" \/>\n<meta property=\"og:site_name\" content=\"Lou Dor\u00e9mus\" \/>\n<meta property=\"article:modified_time\" content=\"2024-02-10T01:42:43+00:00\" \/>\n<meta property=\"og:image\" content=\"https:\/\/loudoremus.com\/wp-content\/uploads\/2024\/02\/carte-postale_amoureuse.jpg\" \/>\n\t<meta property=\"og:image:width\" content=\"300\" \/>\n\t<meta property=\"og:image:height\" content=\"429\" \/>\n\t<meta property=\"og:image:type\" content=\"image\/jpeg\" \/>\n<meta name=\"twitter:card\" content=\"summary_large_image\" \/>\n<meta name=\"twitter:label1\" content=\"Dur\u00e9e de lecture estim\u00e9e\" \/>\n\t<meta name=\"twitter:data1\" content=\"1 minute\" \/>\n<script type=\"application\/ld+json\" class=\"yoast-schema-graph\">{\"@context\":\"https:\/\/schema.org\",\"@graph\":[{\"@type\":\"WebPage\",\"@id\":\"https:\/\/loudoremus.com\/index.php\/produit\/lamoureuse-peinture-inspiree-de-la-langue-des-oiseaux\/\",\"url\":\"https:\/\/loudoremus.com\/index.php\/produit\/lamoureuse-peinture-inspiree-de-la-langue-des-oiseaux\/\",\"name\":\"L'amoureuse : peinture inspir\u00e9e de la langue des oiseaux - Lou Dor\u00e9mus\",\"isPartOf\":{\"@id\":\"https:\/\/loudoremus.com\/#website\"},\"primaryImageOfPage\":{\"@id\":\"https:\/\/loudoremus.com\/index.php\/produit\/lamoureuse-peinture-inspiree-de-la-langue-des-oiseaux\/#primaryimage\"},\"image\":{\"@id\":\"https:\/\/loudoremus.com\/index.php\/produit\/lamoureuse-peinture-inspiree-de-la-langue-des-oiseaux\/#primaryimage\"},\"thumbnailUrl\":\"https:\/\/i0.wp.com\/loudoremus.com\/wp-content\/uploads\/2024\/02\/carte-postale_amoureuse.jpg?fit=300%2C429&ssl=1\",\"datePublished\":\"2024-02-10T00:28:26+00:00\",\"dateModified\":\"2024-02-10T01:42:43+00:00\",\"description\":\"L'amoureuse Impression d'une peinture inspir\u00e9e de la langue des oiseaux. Version f\u00e9minine de l'amoureux, l'\u00e2me heureux. \u00c0 offrir de pr\u00e9f\u00e9rence \u00e0 une femme.\",\"breadcrumb\":{\"@id\":\"https:\/\/loudoremus.com\/index.php\/produit\/lamoureuse-peinture-inspiree-de-la-langue-des-oiseaux\/#breadcrumb\"},\"inLanguage\":\"fr-FR\",\"potentialAction\":[{\"@type\":\"ReadAction\",\"target\":[\"https:\/\/loudoremus.com\/index.php\/produit\/lamoureuse-peinture-inspiree-de-la-langue-des-oiseaux\/\"]}]},{\"@type\":\"ImageObject\",\"inLanguage\":\"fr-FR\",\"@id\":\"https:\/\/loudoremus.com\/index.php\/produit\/lamoureuse-peinture-inspiree-de-la-langue-des-oiseaux\/#primaryimage\",\"url\":\"https:\/\/i0.wp.com\/loudoremus.com\/wp-content\/uploads\/2024\/02\/carte-postale_amoureuse.jpg?fit=300%2C429&ssl=1\",\"contentUrl\":\"https:\/\/i0.wp.com\/loudoremus.com\/wp-content\/uploads\/2024\/02\/carte-postale_amoureuse.jpg?fit=300%2C429&ssl=1\",\"width\":300,\"height\":429,\"caption\":\"L'amoureuse, l'\u00e2me heureuse. Peinture inspir\u00e9e de la langue des oiseaux.\"},{\"@type\":\"BreadcrumbList\",\"@id\":\"https:\/\/loudoremus.com\/index.php\/produit\/lamoureuse-peinture-inspiree-de-la-langue-des-oiseaux\/#breadcrumb\",\"itemListElement\":[{\"@type\":\"ListItem\",\"position\":1,\"name\":\"Accueil\",\"item\":\"https:\/\/loudoremus.com\/\"},{\"@type\":\"ListItem\",\"position\":2,\"name\":\"Boutique\",\"item\":\"https:\/\/loudoremus.com\/?page_id=1054\"},{\"@type\":\"ListItem\",\"position\":3,\"name\":\"L&#8217;amoureuse : peinture inspir\u00e9e de la langue des oiseaux\"}]},{\"@type\":\"WebSite\",\"@id\":\"https:\/\/loudoremus.com\/#website\",\"url\":\"https:\/\/loudoremus.com\/\",\"name\":\"Lou Dor\u00e9mus\",\"description\":\"Artiste Auteur d&#039;oeuvres plastiques et graphiques\",\"publisher\":{\"@id\":\"https:\/\/loudoremus.com\/#\/schema\/person\/cbdd5cde08e66d22477edbef182fb6d1\"},\"potentialAction\":[{\"@type\":\"SearchAction\",\"target\":{\"@type\":\"EntryPoint\",\"urlTemplate\":\"https:\/\/loudoremus.com\/?s={search_term_string}\"},\"query-input\":{\"@type\":\"PropertyValueSpecification\",\"valueRequired\":true,\"valueName\":\"search_term_string\"}}],\"inLanguage\":\"fr-FR\"},{\"@type\":[\"Person\",\"Organization\"],\"@id\":\"https:\/\/loudoremus.com\/#\/schema\/person\/cbdd5cde08e66d22477edbef182fb6d1\",\"name\":\"Lou Dor\u00e9mus\",\"image\":{\"@type\":\"ImageObject\",\"inLanguage\":\"fr-FR\",\"@id\":\"https:\/\/loudoremus.com\/#\/schema\/person\/image\/\",\"url\":\"https:\/\/i0.wp.com\/loudoremus.com\/wp-content\/uploads\/2021\/12\/cropped-logoMD.png?fit=354%2C354&ssl=1\",\"contentUrl\":\"https:\/\/i0.wp.com\/loudoremus.com\/wp-content\/uploads\/2021\/12\/cropped-logoMD.png?fit=354%2C354&ssl=1\",\"width\":354,\"height\":354,\"caption\":\"Lou Dor\u00e9mus\"},\"logo\":{\"@id\":\"https:\/\/loudoremus.com\/#\/schema\/person\/image\/\"},\"description\":\"Lou Dor\u00e9mus est une artiste polyvalente, impr\u00e9gn\u00e9e par la nature, l\u2019histoire et la spiritualit\u00e9, offrant son expertise aussi bien dans le domaine artistique que dans la cr\u00e9ation d\u2019identit\u00e9s visuelles pour le vin et la mise en page d\u2019\u00e9crits, d\u00e9montrant une compr\u00e9hension approfondie des m\u00e9dias visuels et imprim\u00e9s.\",\"sameAs\":[\"http:\/\/loudoremus.com\",\"https:\/\/www.instagram.com\/muses_dorees\/\"]}]}<\/script>\n<!-- \/ Yoast SEO plugin. -->","yoast_head_json":{"title":"L'amoureuse : peinture inspir\u00e9e de la langue des oiseaux - Lou Dor\u00e9mus","description":"L'amoureuse Impression d'une peinture inspir\u00e9e de la langue des oiseaux. Version f\u00e9minine de l'amoureux, l'\u00e2me heureux. \u00c0 offrir de pr\u00e9f\u00e9rence \u00e0 une femme.","robots":{"index":"index","follow":"follow","max-snippet":"max-snippet:-1","max-image-preview":"max-image-preview:large","max-video-preview":"max-video-preview:-1"},"canonical":"https:\/\/loudoremus.com\/index.php\/produit\/lamoureuse-peinture-inspiree-de-la-langue-des-oiseaux\/","og_locale":"fr_FR","og_type":"article","og_title":"L'amoureuse : peinture inspir\u00e9e de la langue des oiseaux - Lou Dor\u00e9mus","og_description":"L'amoureuse Impression d'une peinture inspir\u00e9e de la langue des oiseaux. Version f\u00e9minine de l'amoureux, l'\u00e2me heureux. \u00c0 offrir de pr\u00e9f\u00e9rence \u00e0 une femme.","og_url":"https:\/\/loudoremus.com\/index.php\/produit\/lamoureuse-peinture-inspiree-de-la-langue-des-oiseaux\/","og_site_name":"Lou Dor\u00e9mus","article_modified_time":"2024-02-10T01:42:43+00:00","og_image":[{"width":300,"height":429,"url":"https:\/\/loudoremus.com\/wp-content\/uploads\/2024\/02\/carte-postale_amoureuse.jpg","type":"image\/jpeg"}],"twitter_card":"summary_large_image","twitter_misc":{"Dur\u00e9e de lecture estim\u00e9e":"1 minute"},"schema":{"@context":"https:\/\/schema.org","@graph":[{"@type":"WebPage","@id":"https:\/\/loudoremus.com\/index.php\/produit\/lamoureuse-peinture-inspiree-de-la-langue-des-oiseaux\/","url":"https:\/\/loudoremus.com\/index.php\/produit\/lamoureuse-peinture-inspiree-de-la-langue-des-oiseaux\/","name":"L'amoureuse : peinture inspir\u00e9e de la langue des oiseaux - Lou Dor\u00e9mus","isPartOf":{"@id":"https:\/\/loudoremus.com\/#website"},"primaryImageOfPage":{"@id":"https:\/\/loudoremus.com\/index.php\/produit\/lamoureuse-peinture-inspiree-de-la-langue-des-oiseaux\/#primaryimage"},"image":{"@id":"https:\/\/loudoremus.com\/index.php\/produit\/lamoureuse-peinture-inspiree-de-la-langue-des-oiseaux\/#primaryimage"},"thumbnailUrl":"https:\/\/i0.wp.com\/loudoremus.com\/wp-content\/uploads\/2024\/02\/carte-postale_amoureuse.jpg?fit=300%2C429&ssl=1","datePublished":"2024-02-10T00:28:26+00:00","dateModified":"2024-02-10T01:42:43+00:00","description":"L'amoureuse Impression d'une peinture inspir\u00e9e de la langue des oiseaux. Version f\u00e9minine de l'amoureux, l'\u00e2me heureux. \u00c0 offrir de pr\u00e9f\u00e9rence \u00e0 une femme.","breadcrumb":{"@id":"https:\/\/loudoremus.com\/index.php\/produit\/lamoureuse-peinture-inspiree-de-la-langue-des-oiseaux\/#breadcrumb"},"inLanguage":"fr-FR","potentialAction":[{"@type":"ReadAction","target":["https:\/\/loudoremus.com\/index.php\/produit\/lamoureuse-peinture-inspiree-de-la-langue-des-oiseaux\/"]}]},{"@type":"ImageObject","inLanguage":"fr-FR","@id":"https:\/\/loudoremus.com\/index.php\/produit\/lamoureuse-peinture-inspiree-de-la-langue-des-oiseaux\/#primaryimage","url":"https:\/\/i0.wp.com\/loudoremus.com\/wp-content\/uploads\/2024\/02\/carte-postale_amoureuse.jpg?fit=300%2C429&ssl=1","contentUrl":"https:\/\/i0.wp.com\/loudoremus.com\/wp-content\/uploads\/2024\/02\/carte-postale_amoureuse.jpg?fit=300%2C429&ssl=1","width":300,"height":429,"caption":"L'amoureuse, l'\u00e2me heureuse. Peinture inspir\u00e9e de la langue des oiseaux."},{"@type":"BreadcrumbList","@id":"https:\/\/loudoremus.com\/index.php\/produit\/lamoureuse-peinture-inspiree-de-la-langue-des-oiseaux\/#breadcrumb","itemListElement":[{"@type":"ListItem","position":1,"name":"Accueil","item":"https:\/\/loudoremus.com\/"},{"@type":"ListItem","position":2,"name":"Boutique","item":"https:\/\/loudoremus.com\/?page_id=1054"},{"@type":"ListItem","position":3,"name":"L&#8217;amoureuse : peinture inspir\u00e9e de la langue des oiseaux"}]},{"@type":"WebSite","@id":"https:\/\/loudoremus.com\/#website","url":"https:\/\/loudoremus.com\/","name":"Lou Dor\u00e9mus","description":"Artiste Auteur d&#039;oeuvres plastiques et graphiques","publisher":{"@id":"https:\/\/loudoremus.com\/#\/schema\/person\/cbdd5cde08e66d22477edbef182fb6d1"},"potentialAction":[{"@type":"SearchAction","target":{"@type":"EntryPoint","urlTemplate":"https:\/\/loudoremus.com\/?s={search_term_string}"},"query-input":{"@type":"PropertyValueSpecification","valueRequired":true,"valueName":"search_term_string"}}],"inLanguage":"fr-FR"},{"@type":["Person","Organization"],"@id":"https:\/\/loudoremus.com\/#\/schema\/person\/cbdd5cde08e66d22477edbef182fb6d1","name":"Lou Dor\u00e9mus","image":{"@type":"ImageObject","inLanguage":"fr-FR","@id":"https:\/\/loudoremus.com\/#\/schema\/person\/image\/","url":"https:\/\/i0.wp.com\/loudoremus.com\/wp-content\/uploads\/2021\/12\/cropped-logoMD.png?fit=354%2C354&ssl=1","contentUrl":"https:\/\/i0.wp.com\/loudoremus.com\/wp-content\/uploads\/2021\/12\/cropped-logoMD.png?fit=354%2C354&ssl=1","width":354,"height":354,"caption":"Lou Dor\u00e9mus"},"logo":{"@id":"https:\/\/loudoremus.com\/#\/schema\/person\/image\/"},"description":"Lou Dor\u00e9mus est une artiste polyvalente, impr\u00e9gn\u00e9e par la nature, l\u2019histoire et la spiritualit\u00e9, offrant son expertise aussi bien dans le domaine artistique que dans la cr\u00e9ation d\u2019identit\u00e9s visuelles pour le vin et la mise en page d\u2019\u00e9crits, d\u00e9montrant une compr\u00e9hension approfondie des m\u00e9dias visuels et imprim\u00e9s.","sameAs":["http:\/\/loudoremus.com","https:\/\/www.instagram.com\/muses_dorees\/"]}]}},"jetpack-related-posts":[{"id":2092,"url":"https:\/\/loudoremus.com\/index.php\/produit\/peinture-l-amoureux-carte-postale-langue-des-oiseaux\/","url_meta":{"origin":2149,"position":0},"title":"L&rsquo;amoureux : peinture inspir\u00e9e de la langue des oiseaux","author":"Lou Dor\u00e9mus","date":"10\/02\/2024","format":false,"excerpt":"Carte postale Impression sur papier Tintoretto 300g de Fedrigoni. Imprim\u00e9 en Gironde par Copy M\u00e9dia en \u00e9dition limit\u00e9e.","rel":"","context":"Article similaire","block_context":{"text":"Article similaire","link":""},"img":{"alt_text":"L'amoureux, l'\u00e2me heureux. Peinture inspir\u00e9e de la langue des oiseaux.","src":"https:\/\/i0.wp.com\/loudoremus.com\/wp-content\/uploads\/2024\/02\/carte-postale_amoureux-210x300.jpg?resize=350%2C200&ssl=1","width":350,"height":200},"classes":[]},{"id":2151,"url":"https:\/\/loudoremus.com\/index.php\/produit\/potentiels-potes-en-ciel-anges\/","url_meta":{"origin":2149,"position":1},"title":"Mes potentiels &#8211; Mes potes en ciel : Les anges","author":"Lou Dor\u00e9mus","date":"10\/02\/2024","format":false,"excerpt":"Carte postale Impression sur papier Tintoretto 300g. \u00c9dition limit\u00e9e \u00e0 50 exemplaires de chaque mod\u00e8le. Apr\u00e8s \u00e9puisement du stock, il n'y aura pas de re-tirage.","rel":"","context":"Article similaire","block_context":{"text":"Article similaire","link":""},"img":{"alt_text":"Peinture aquarelle et encre repr\u00e9sentant un ange","src":"https:\/\/i0.wp.com\/loudoremus.com\/wp-content\/uploads\/2024\/02\/carte-postale-potentiels-210x300.jpg?resize=350%2C200&ssl=1","width":350,"height":200},"classes":[]},{"id":2153,"url":"https:\/\/loudoremus.com\/index.php\/produit\/uni-vers-elle-universelle\/","url_meta":{"origin":2149,"position":2},"title":"Amour inconditionnel langue universelle &#8211; uni vers elle","author":"Lou Dor\u00e9mus","date":"10\/02\/2024","format":false,"excerpt":"Carte postale Impression sur papier Fedrigoni Tintoretto 300g. \u00c9dition limit\u00e9e \u00e0 50 exemplaires de chaque mod\u00e8le imprim\u00e9 avec respect de l'environnement par Copy M\u00e9dia en Gironde. Apr\u00e8s \u00e9puisement du stock, il n'y aura pas de re-tirage.","rel":"","context":"Article similaire","block_context":{"text":"Article similaire","link":""},"img":{"alt_text":"encre et aquarelle repr\u00e9sentant une femme serrant un c\u0153ur plein de couleurs dans les tons du chakra du c\u0153ur verts et roses avec le message inspir\u00e9 de la langue des oiseaux : Uni vers elle","src":"https:\/\/i0.wp.com\/loudoremus.com\/wp-content\/uploads\/2024\/02\/carte-postale-uni-vers-elle-210x300.jpg?resize=350%2C200&ssl=1","width":350,"height":200},"classes":[]},{"id":2152,"url":"https:\/\/loudoremus.com\/index.php\/produit\/merci-mon-ange-gardien-protecteur-peinture-carte-postale\/","url_meta":{"origin":2149,"position":3},"title":"Merci mon ange gardien","author":"Lou Dor\u00e9mus","date":"10\/02\/2024","format":false,"excerpt":"Carte postale Impression sur papier Fedrigoni Tintoretto 300g. \u00c9dition limit\u00e9e \u00e0 50 exemplaires de chaque mod\u00e8le imprim\u00e9 avec respect de l'environnement par Copy M\u00e9dia en Gironde. Apr\u00e8s \u00e9puisement du stock, il n'y aura pas de re-tirage.","rel":"","context":"Article similaire","block_context":{"text":"Article similaire","link":""},"img":{"alt_text":"Peinture de l'artiste Lou Dor\u00e9mus repr\u00e9sentant des ailes d'anges avec l'inscription Merci Mon ange","src":"https:\/\/i0.wp.com\/loudoremus.com\/wp-content\/uploads\/2024\/02\/carte-postale_merci-mon-ange-210x300.jpg?resize=350%2C200&ssl=1","width":350,"height":200},"classes":[]}],"jetpack_sharing_enabled":true,"_links":{"self":[{"href":"https:\/\/loudoremus.com\/index.php\/wp-json\/wp\/v2\/product\/2149","targetHints":{"allow":["GET"]}}],"collection":[{"href":"https:\/\/loudoremus.com\/index.php\/wp-json\/wp\/v2\/product"}],"about":[{"href":"https:\/\/loudoremus.com\/index.php\/wp-json\/wp\/v2\/types\/product"}],"replies":[{"embeddable":true,"href":"https:\/\/loudoremus.com\/index.php\/wp-json\/wp\/v2\/comments?post=2149"}],"wp:featuredmedia":[{"embeddable":true,"href":"https:\/\/loudoremus.com\/index.php\/wp-json\/wp\/v2\/media\/2137"}],"wp:attachment":[{"href":"https:\/\/loudoremus.com\/index.php\/wp-json\/wp\/v2\/media?parent=2149"}],"wp:term":[{"taxonomy":"product_brand","embeddable":true,"href":"https:\/\/loudoremus.com\/index.php\/wp-json\/wp\/v2\/product_brand?post=2149"},{"taxonomy":"product_cat","embeddable":true,"href":"https:\/\/loudoremus.com\/index.php\/wp-json\/wp\/v2\/product_cat?post=2149"},{"taxonomy":"product_tag","embeddable":true,"href":"https:\/\/loudoremus.com\/index.php\/wp-json\/wp\/v2\/product_tag?post=2149"}],"curies":[{"name":"wp","href":"https:\/\/api.w.org\/{rel}","templated":true}]}}